{"id":3053,"date":"2017-03-26T23:20:17","date_gmt":"2017-03-26T21:20:17","guid":{"rendered":"https:\/\/www.acaps.asso.fr\/?page_id=3053"},"modified":"2022-08-16T14:58:24","modified_gmt":"2022-08-16T12:58:24","slug":"join-us","status":"publish","type":"page","link":"https:\/\/www.acaps.asso.fr\/en\/membership-directory\/join-us\/","title":{"rendered":"Join us"},"content":{"rendered":"<div class=\"wpb-content-wrapper\">[vc_row][vc_column][vc_cta h2=&#8221;How to\u00a0 Register ?&#8221; h4=&#8221;Click on the button to access the registration form&#8221; style=&#8221;custom&#8221; add_button=&#8221;right&#8221; btn_title=&#8221;ACAPS registration&#8221; btn_style=&#8221;classic&#8221; btn_color=&#8221;juicy-pink&#8221; btn_size=&#8221;lg&#8221; btn_align=&#8221;right&#8221; btn_i_icon_fontawesome=&#8221;fa fa-hand-o-right&#8221; btn_button_block=&#8221;true&#8221; btn_add_icon=&#8221;true&#8221; btn_link=&#8221;url:http%3A%2F%2Fwww.acaps.asso.fr%2Fcreer-un-compte%2F|title:Cr%C3%A9er%20un%20compte|&#8221; custom_background=&#8221;#ebebeb&#8221;]\n<p>Please complete the online form and address your payment to:<\/p>\n<div><strong>Rapha\u00ebl ZORY (<a href=\"mailto:Raphael.ZORY@univ-cotedazur.fr\">Raphael.ZORY@univ-cotedazur.fr<\/a>)<br \/>\n<\/strong><\/div>\n<div>UFR STAPS, Universit\u00e9 C\u00f4te d\u2019Azur<br \/>\n261 Bd du Mercantour<br \/>\n06200 Nice<\/div>\n[\/vc_cta][vc_column_text]\n<strong>Benefits of Membership:<\/strong><br \/>\n<div class=\"g7-tick\">\n<ul>\n<li>Strengthen your involvement in the Sport sciences community<\/li>\n<li>Provide access to the electronic version of the journal Movement &amp; Sport Sciences (login and password required)<\/li>\n<li>You will receive the quarterly News Letter<\/li>\n<li>You could register in the Membership directory<\/li>\n<\/ul>\n<\/div>\n<p><strong>Cost of Membership<\/strong> (until the next bi-annual conference):<\/p>\n<p>Junior member: 50\u20ac (graduates and undergraduates students)<\/p>\n<p>Senior member: 80\u20ac (professional members)<\/p>\n[\/vc_column_text][\/vc_column][\/vc_row]\n<\/div>","protected":false},"excerpt":{"rendered":"<p>[vc_row][vc_column][vc_cta h2=&#8221;How to\u00a0 Register ?&#8221; h4=&#8221;Click on the button to access the registration form&#8221; style=&#8221;custom&#8221; add_button=&#8221;right&#8221; btn_title=&#8221;ACAPS registration&#8221; btn_style=&#8221;classic&#8221; btn_color=&#8221;juicy-pink&#8221; btn_size=&#8221;lg&#8221; btn_align=&#8221;right&#8221; btn_i_icon_fontawesome=&#8221;fa fa-hand-o-right&#8221; btn_button_block=&#8221;true&#8221; btn_add_icon=&#8221;true&#8221; btn_link=&#8221;url:http%3A%2F%2Fwww.acaps.asso.fr%2Fcreer-un-compte%2F|title:Cr%C3%A9er%20un%20compte|&#8221; custom_background=&#8221;#ebebeb&#8221;] Please complete the online form and address your payment to: Rapha\u00ebl ZORY (Raphael.ZORY@univ-cotedazur.fr) UFR STAPS, Universit\u00e9 C\u00f4te d\u2019Azur 261 Bd du Mercantour 06200 Nice [\/vc_cta][vc_column_text] Benefits of Membership: Cost of Membership (until the next bi-annual conference): Junior member: 50\u20ac (graduates and undergraduates students) Senior member: 80\u20ac (professional members) [\/vc_column_text][\/vc_column][\/vc_row]<\/p>\n","protected":false},"author":162,"featured_media":0,"parent":3058,"menu_order":0,"comment_status":"closed","ping_status":"closed","template":"","meta":{"footnotes":""},"class_list":["post-3053","page","type-page","status-publish","hentry"],"aioseo_notices":[],"_links":{"self":[{"href":"https:\/\/www.acaps.asso.fr\/en\/wp-json\/wp\/v2\/pages\/3053","targetHints":{"allow":["GET"]}}],"collection":[{"href":"https:\/\/www.acaps.asso.fr\/en\/wp-json\/wp\/v2\/pages"}],"about":[{"href":"https:\/\/www.acaps.asso.fr\/en\/wp-json\/wp\/v2\/types\/page"}],"author":[{"embeddable":true,"href":"https:\/\/www.acaps.asso.fr\/en\/wp-json\/wp\/v2\/users\/162"}],"replies":[{"embeddable":true,"href":"https:\/\/www.acaps.asso.fr\/en\/wp-json\/wp\/v2\/comments?post=3053"}],"version-history":[{"count":2,"href":"https:\/\/www.acaps.asso.fr\/en\/wp-json\/wp\/v2\/pages\/3053\/revisions"}],"predecessor-version":[{"id":17799,"href":"https:\/\/www.acaps.asso.fr\/en\/wp-json\/wp\/v2\/pages\/3053\/revisions\/17799"}],"up":[{"embeddable":true,"href":"https:\/\/www.acaps.asso.fr\/en\/wp-json\/wp\/v2\/pages\/3058"}],"wp:attachment":[{"href":"https:\/\/www.acaps.asso.fr\/en\/wp-json\/wp\/v2\/media?parent=3053"}],"curies":[{"name":"wp","href":"https:\/\/api.w.org\/{rel}","templated":true}]}}