{"id":3037,"date":"2017-03-26T22:44:01","date_gmt":"2017-03-26T20:44:01","guid":{"rendered":"https:\/\/www.acaps.asso.fr\/?page_id=3037"},"modified":"2017-03-26T22:44:01","modified_gmt":"2017-03-26T20:44:01","slug":"congress-archives","status":"publish","type":"page","link":"https:\/\/www.acaps.asso.fr\/en\/presentation\/congress-archives\/","title":{"rendered":"Congress Archives"},"content":{"rendered":"<div class=\"wpb-content-wrapper\">[vc_row][vc_column][vc_column_text]\n<p><strong>In 500 words or less, <\/strong>the organizing committee synthetizes below the congress highlights. Through a report, the organizers remind where the congress took place and the date, the number of participants (senior and junior), a link to the scientific program (pdf file), the list of the award winners (young research award, for example, with the precision whether it is for a poster or oral communication and a photo), and one to three key strengths of the congress (opening conference, dinner, importance and presence of industrial partners, scientific sessions\u2026).<\/p>\n<p>&nbsp;<\/p>\n<div class=\"g7-tick\">\n<ul>\n<li>3 to 5 photos to illustrate the congress are welcome (<u>enclose pictures<\/u>)<\/li>\n<li>The book of Abstracts should be retrievable by the ACAPS members (<u>include a pdf<\/u>).<\/li>\n<li>The scientific program should be accessible to the ACAPS members (<u>include a pdf<\/u>).<\/li>\n<\/ul>\n<\/div>[\/vc_column_text][\/vc_column][\/vc_row][vc_row][vc_column][vc_accordion active_tab=&#8221;1&#8243;][vc_accordion_tab title=&#8221;Synth\u00e8se XVI\u00e8me Congr\u00e8s de l\u2019ACAPS \u00e0 Nantes&#8221; tab_id=&#8221;1443445692-1-56&#8243;][vc_column_text]\n<h3 style=\"text-align: center;\"><strong>Report of the XVI\u00e8me ACAPS Congress in Nantes, France<\/strong><\/h3>\n<p style=\"text-align: center;\">26-28 October 215, Nantes<\/p>\n<p style=\"text-align: center;\"><strong>\u2013 Laboratoire Motricit\u00e9, Interactions, Performance EA 4334 \u2013<\/strong><\/p>\n<p style=\"text-align: center;\"><a href=\"http:\/\/www.acaps2015.univ-nantes.fr\">www.acaps2015.univ-nantes.fr<\/a><\/p>\n<p>&nbsp;<\/p>\n<hr \/>\n<p><strong>Key figures<br \/>\n<\/strong><\/p>\n<hr \/>\n<ol>\n<li><strong><em> Scientific congress<\/em><\/strong><\/li>\n<\/ol>\n<p>Selection of oral communications and posters sessions in the four main scientific fields by the means of thematic symposia (sometimes multidisciplinary):<br \/>\no Social Sciences, History, Management<br \/>\no Human Sciences and sciences of intervention<br \/>\no Physiology<br \/>\no Biomechanics, Neurosciences, Motor control<\/p>\n<p>\u2013<br \/>\nFinally, 318 scientific communications were presented:<br \/>\no <strong>Five<\/strong> plenary conferences of international speakers, many recognized worldwide in their field:<br \/>\n<strong>Pr Alain Berthoz<\/strong>, Coll\u00e8ge de France (France) (Neurosciences)<br \/>\n<strong>Pr Charles Suaud,<\/strong> University of Nantes (France) (Sociology)<br \/>\n<strong>Pr Duarte Araujo<\/strong>, University of Lisbon (Portugal) (Psychology)<br \/>\n<strong>Pr Roger Enoka<\/strong>, University of Colorado (USA) (Biomechanic)<br \/>\n<strong>Pr Guillaume Millet<\/strong>, University of Calgary (Canada) (Physiology)<\/p>\n<p>o <strong>85<\/strong> oral communications presented in 20 symposia (one was a multidisciplinary symposium and one was dedicated to the relationships with the socio-economic world) and <strong>161<\/strong> oral communications presented in 30 sessions<\/p>\n<p>\u2013<br \/>\no <strong>72<\/strong> posters<\/p>\n<p>\u2013<br \/>\nAward of 7 \u00abyoung researcher\u00bb prices for the best oral and posters communications les in the different scientific fields\u00a0:<br \/>\n<em>\u00a0Human and Social Sciences<\/em><br \/>\n\u2013 Oral Communication: Guillaume Chevance<br \/>\n\u2013 Poster Communication: Anna Loegel<br \/>\n<em>\u00a0Physiology<\/em><br \/>\n\u2013 Oral Communication: Sebastian Garcia Vicencio<br \/>\n\u2013 Poster Communication: Mehdi Pawlak-Chaouch<br \/>\n<em>\u00a0Biomechanic\/Neurosciences<\/em><br \/>\n\u2013 Oral Communication: Zhong Zhao<br \/>\n\u2013 Poster Communication: Fr\u00e9d\u00e9rique Bunlon<br \/>\n<em>Special prize for the celebration of ACAPS\u2019 30 years:<\/em> Nounagnon Agbangla<\/p>\n<p>\u2013<br \/>\nThree exhibitors: Matsport, TEA, Trinoma<\/p>\n<p>\u2013<br \/>\n<em>Attendance<\/em><br \/>\n\u00b7 411 conventioneers attendeed the congress (160 juniors, 246 seniors, 5 invited)<br \/>\n\u00b7 About 15% of attenders originated from foreign countries, mainly from Canada, USA, Portugal, Switzerland, Belgium, Holland, Denmark, Lebanon, Algeria, Morocco, Tunisia.<\/p>\n<p>&nbsp;<\/p>\n<hr \/>\n<ol start=\"2\">\n<li><strong><em> Public Presentations<\/em><\/strong><\/li>\n<\/ol>\n<p>Interdisciplinary conferences: <em>\u00ab To perform in sport: limits and possibilities of human body\u00a0\u00bb<\/em><\/p>\n<p>Two invited speakers:<\/p>\n<p>o <strong>Guillaume Millet<\/strong>, physiologist, Professor at the University of Calgary (Canada).<br \/>\nhttp:\/\/webtv.univ-nantes.fr\/fiche\/7078\/guillaume-millet-l-extraordinaire-endurance-de-lespece-humaine-ou-sont-les-limites<br \/>\no <strong>Bernard Andrieu<\/strong>, philosopher of body and body exp\u00e9rience, Professor at the University Paris Descartes (France)<br \/>\n<a href=\"http:\/\/webtv.univ-nantes.fr\/fiche\/7079\/bernard-andrieu-conscience-et-inconscience-du-corpsdans-les-performances-acrobatiques\">\u00a0http:\/\/webtv.univ-nantes.fr\/fiche\/7079\/bernard-andrieu-conscience-et-inconscience-du-corpsdans-les-performances-acrobatiques<\/a><\/p>\n<p>\u2013<br \/>\nIt was the first time a public presentation was proposed to the congress<br \/>\n\u2013<br \/>\nAttendance: 560 persons were present<\/p>\n<p><strong><em>\u00a0<\/em><\/strong><\/p>\n<hr \/>\n<p>Download the complete pdf with photos: <a href=\"https:\/\/www.acaps.asso.fr\/wp-content\/uploads\/2014\/12\/BILAN-FINAL-ACAPS-Nantes-2015.pdf\">BILAN FINAL ACAPS Nantes 2015<\/a>\u00a0[\/vc_column_text][\/vc_accordion_tab][\/vc_accordion][\/vc_column][\/vc_row]\n<\/div>","protected":false},"excerpt":{"rendered":"<p>[vc_row][vc_column][vc_column_text] In 500 words or less, the organizing committee synthetizes below the congress highlights. Through a report, the organizers remind where the congress took place and the date, the number of participants (senior and junior), a link to the scientific program (pdf file), the list of the award winners (young research award, for example, with the precision whether it is for a poster or oral communication and a photo), and one to three key strengths of the congress (opening conference, dinner, importance and presence of industrial partners, scientific sessions\u2026). &nbsp; [\/vc_column_text][\/vc_column][\/vc_row][vc_row][vc_column][vc_accordion active_tab=&#8221;1&#8243;][vc_accordion_tab title=&#8221;Synth\u00e8se XVI\u00e8me Congr\u00e8s de l\u2019ACAPS \u00e0 Nantes&#8221; tab_id=&#8221;1443445692-1-56&#8243;][vc_column_text]<\/p>\n","protected":false},"author":162,"featured_media":0,"parent":3025,"menu_order":0,"comment_status":"closed","ping_status":"open","template":"","meta":{"footnotes":""},"class_list":["post-3037","page","type-page","status-publish","hentry"],"aioseo_notices":[],"_links":{"self":[{"href":"https:\/\/www.acaps.asso.fr\/en\/wp-json\/wp\/v2\/pages\/3037","targetHints":{"allow":["GET"]}}],"collection":[{"href":"https:\/\/www.acaps.asso.fr\/en\/wp-json\/wp\/v2\/pages"}],"about":[{"href":"https:\/\/www.acaps.asso.fr\/en\/wp-json\/wp\/v2\/types\/page"}],"author":[{"embeddable":true,"href":"https:\/\/www.acaps.asso.fr\/en\/wp-json\/wp\/v2\/users\/162"}],"replies":[{"embeddable":true,"href":"https:\/\/www.acaps.asso.fr\/en\/wp-json\/wp\/v2\/comments?post=3037"}],"version-history":[{"count":0,"href":"https:\/\/www.acaps.asso.fr\/en\/wp-json\/wp\/v2\/pages\/3037\/revisions"}],"up":[{"embeddable":true,"href":"https:\/\/www.acaps.asso.fr\/en\/wp-json\/wp\/v2\/pages\/3025"}],"wp:attachment":[{"href":"https:\/\/www.acaps.asso.fr\/en\/wp-json\/wp\/v2\/media?parent=3037"}],"curies":[{"name":"wp","href":"https:\/\/api.w.org\/{rel}","templated":true}]}}