{"id":3021,"date":"2017-03-25T23:42:43","date_gmt":"2017-03-25T22:42:43","guid":{"rendered":"https:\/\/www.acaps.asso.fr\/?page_id=3021"},"modified":"2017-03-25T23:42:43","modified_gmt":"2017-03-25T22:42:43","slug":"proceedings-of-the-board-directory","status":"publish","type":"page","link":"https:\/\/www.acaps.asso.fr\/en\/acaps-history\/proceedings-of-the-board-directory\/","title":{"rendered":"Proceedings of the board directory"},"content":{"rendered":"<div class='w3eden'>\n    <div class=''>\n\n        <form method=\"get\" class=\"\" data-container=\"#content_wpdm_package_1\" id=\"sc_form_wpdm_package_1\" style=\"margin-bottom: 15px\">\n    \n            <div class=\"card panel panel-default wpdm-shortcode-toolbar\">\n                <div class=\"card-body panel-body\">\n                    <div class=\"row\">\n                        <div class=\"col-lg-6 col-md-12\">\n                            <input type=\"search\" name=\"skw\" value=\"\" placeholder=\"Search Keyword...\" class=\"form-control\" \/>\n                        <\/div>\n                        <div class=\"col-lg-2 col-md-4\">\n                            <select name=\"orderby\" class=\"wpdm-custom-select custom-select\">\n                                <option value=\"date\" disabled=\"disabled\">Order By:<\/option>\n                                <option value=\"date\" >Publish Date<\/option>\n                                <option value=\"title\" >Title<\/option>\n                                <option value=\"update_date\" >Update Date<\/option>\n                                <option value=\"downloads\" >Downloads<\/option>\n                                <option value=\"views\" >Views<\/option>\n                            <\/select>\n                        <\/div>\n                        <div class=\"col-lg-2 col-md-4\">\n                            <select name=\"order\" class=\"wpdm-custom-select custom-select\">\n                                <option value=\"desc\" disabled=\"disabled\">Order:<\/option>\n                                <option value=\"desc\" >Descending<\/option>\n                                <option value=\"asc\" >Ascending<\/option>\n                            <\/select>\n                        <\/div>\n                        <div class=\"col-lg-2 col-md-4\">\n                            <button type=\"submit\" class=\"btn btn-info btn-block\">Apply Filter<\/button>\n                        <\/div>\n                    <\/div>\n                <\/div>\n            <\/div>\n\n            <\/form>\n<div class=\"spacer mb-3 d-block clearfix\"><\/div>\n\n        <div id=\"content_wpdm_package_1\">\n            <div class='row'><div class='col-lg-12 col-md-6 col-12'><!-- WPDM Link Template: Default Template with Download Count -->\n\n\n<div class=\"wpdm-link-tpl link-btn [color]\" data-durl=\"https:\/\/www.acaps.asso.fr\/en\/download\/pv-ca-37-dijon\/?wpdmdl=20506&refresh=69f3c1a56af0f1777582501\" >\n    <div class=\"media\">\n        <div class=\"pull-left\"><img decoding=\"async\" class=\"wpdm_icon\" alt=\"Icon\" src=\"https:\/\/www.acaps.asso.fr\/wp-content\/plugins\/download-manager\/assets\/file-type-icons\/pdf.svg\" \/><\/div>\n        <div class=\"media-body\"><strong class=\"ptitle\">PV CA 37 Dijon <span class=\"label label-default\" style=\"font-weight: 400;\">61 downloads<\/span>&nbsp;<span class=\"label label-default\" style=\"font-weight: 400;\">530.47 KB<\/span><\/strong>\n            <div><strong><a class='wpdm-download-link download-on-click btn btn-primary ' rel='nofollow' href='#' data-downloadurl=\"https:\/\/www.acaps.asso.fr\/en\/download\/pv-ca-37-dijon\/?wpdmdl=20506&refresh=69f3c1a56af0f1777582501\">Download<\/a><\/strong><\/div>\n        <\/div>\n    <\/div>\n<\/div>\n<div style=\"clear: both\"><\/div>\n<\/div><div class='col-lg-12 col-md-6 col-12'><!-- WPDM Link Template: Default Template with Download Count -->\n\n\n<div class=\"wpdm-link-tpl link-btn [color]\" data-durl=\"https:\/\/www.acaps.asso.fr\/en\/download\/pv-ca-36-dijon\/?wpdmdl=16345&refresh=69f3c1a56e3cd1777582501\" >\n    <div class=\"media\">\n        <div class=\"pull-left\"><img decoding=\"async\" class=\"wpdm_icon\" alt=\"Icon\" src=\"https:\/\/www.acaps.asso.fr\/wp-content\/plugins\/download-manager\/assets\/file-type-icons\/pdf.svg\" \/><\/div>\n        <div class=\"media-body\"><strong class=\"ptitle\">PV CA 36 Dijon <span class=\"label label-default\" style=\"font-weight: 400;\">47 downloads<\/span>&nbsp;<span class=\"label label-default\" style=\"font-weight: 400;\">344.49 KB<\/span><\/strong>\n            <div><strong><a class='wpdm-download-link download-on-click btn btn-primary ' rel='nofollow' href='#' data-downloadurl=\"https:\/\/www.acaps.asso.fr\/en\/download\/pv-ca-36-dijon\/?wpdmdl=16345&refresh=69f3c1a56e3cd1777582501\">Download<\/a><\/strong><\/div>\n        <\/div>\n    <\/div>\n<\/div>\n<div style=\"clear: both\"><\/div>\n<\/div><div class='col-lg-12 col-md-6 col-12'><!-- WPDM Link Template: Default Template with Download Count -->\n\n\n<div class=\"wpdm-link-tpl link-btn [color]\" data-durl=\"https:\/\/www.acaps.asso.fr\/en\/download\/pv-ca-35-montpellier\/?wpdmdl=16342&refresh=69f3c1a56fbc91777582501\" >\n    <div class=\"media\">\n        <div class=\"pull-left\"><img decoding=\"async\" class=\"wpdm_icon\" alt=\"Icon\" src=\"https:\/\/www.acaps.asso.fr\/wp-content\/plugins\/download-manager\/assets\/file-type-icons\/pdf.svg\" \/><\/div>\n        <div class=\"media-body\"><strong class=\"ptitle\">PV CA 35 Montpellier <span class=\"label label-default\" style=\"font-weight: 400;\">28 downloads<\/span>&nbsp;<span class=\"label label-default\" style=\"font-weight: 400;\">263.94 KB<\/span><\/strong>\n            <div><strong><a class='wpdm-download-link download-on-click btn btn-primary ' rel='nofollow' href='#' data-downloadurl=\"https:\/\/www.acaps.asso.fr\/en\/download\/pv-ca-35-montpellier\/?wpdmdl=16342&refresh=69f3c1a56fbc91777582501\">Download<\/a><\/strong><\/div>\n        <\/div>\n    <\/div>\n<\/div>\n<div style=\"clear: both\"><\/div>\n<\/div><div class='col-lg-12 col-md-6 col-12'><!-- WPDM Link Template: Default Template with Download Count -->\n\n\n<div class=\"wpdm-link-tpl link-btn [color]\" data-durl=\"https:\/\/www.acaps.asso.fr\/en\/download\/pv-ca-34\/?wpdmdl=13296&refresh=69f3c1a57139a1777582501\" >\n    <div class=\"media\">\n        <div class=\"pull-left\"><img decoding=\"async\" class=\"wpdm_icon\" alt=\"Icon\" src=\"https:\/\/www.acaps.asso.fr\/wp-content\/plugins\/download-manager\/assets\/file-type-icons\/pdf.svg\" \/><\/div>\n        <div class=\"media-body\"><strong class=\"ptitle\">PV CA 34 (visioconf\u00e9rence) <span class=\"label label-default\" style=\"font-weight: 400;\">45 downloads<\/span>&nbsp;<span class=\"label label-default\" style=\"font-weight: 400;\">167.70 KB<\/span><\/strong>\n            <div><strong><a class='wpdm-download-link download-on-click btn btn-primary ' rel='nofollow' href='#' data-downloadurl=\"https:\/\/www.acaps.asso.fr\/en\/download\/pv-ca-34\/?wpdmdl=13296&refresh=69f3c1a57139a1777582501\">Download<\/a><\/strong><\/div>\n        <\/div>\n    <\/div>\n<\/div>\n<div style=\"clear: both\"><\/div>\n<\/div><div class='col-lg-12 col-md-6 col-12'><!-- WPDM Link Template: Default Template with Download Count -->\n\n\n<div class=\"wpdm-link-tpl link-btn [color]\" data-durl=\"https:\/\/www.acaps.asso.fr\/en\/download\/pv-ca-33-visioconference\/?wpdmdl=12785&refresh=69f3c1a5734551777582501\" >\n    <div class=\"media\">\n        <div class=\"pull-left\"><img decoding=\"async\" class=\"wpdm_icon\" alt=\"Icon\" src=\"https:\/\/www.acaps.asso.fr\/wp-content\/plugins\/download-manager\/assets\/file-type-icons\/pdf.svg\" \/><\/div>\n        <div class=\"media-body\"><strong class=\"ptitle\">PV CA 33 (visioconf\u00e9rence) <span class=\"label label-default\" style=\"font-weight: 400;\">35 downloads<\/span>&nbsp;<span class=\"label label-default\" style=\"font-weight: 400;\">240.22 KB<\/span><\/strong>\n            <div><strong><a class='wpdm-download-link download-on-click btn btn-primary ' rel='nofollow' href='#' data-downloadurl=\"https:\/\/www.acaps.asso.fr\/en\/download\/pv-ca-33-visioconference\/?wpdmdl=12785&refresh=69f3c1a5734551777582501\">Download<\/a><\/strong><\/div>\n        <\/div>\n    <\/div>\n<\/div>\n<div style=\"clear: both\"><\/div>\n<\/div><div class='col-lg-12 col-md-6 col-12'><!-- WPDM Link Template: Default Template with Download Count -->\n\n\n<div class=\"wpdm-link-tpl link-btn [color]\" data-durl=\"https:\/\/www.acaps.asso.fr\/en\/download\/pv-ca-visioconference-mai-2020\/?wpdmdl=12718&refresh=69f3c1a5753b11777582501\" >\n    <div class=\"media\">\n        <div class=\"pull-left\"><img decoding=\"async\" class=\"wpdm_icon\" alt=\"Icon\" src=\"https:\/\/www.acaps.asso.fr\/wp-content\/plugins\/download-manager\/assets\/file-type-icons\/pdf.svg\" \/><\/div>\n        <div class=\"media-body\"><strong class=\"ptitle\">PV CA 32 (visioconf\u00e9rence) <span class=\"label label-default\" style=\"font-weight: 400;\">30 downloads<\/span>&nbsp;<span class=\"label label-default\" style=\"font-weight: 400;\">512.50 KB<\/span><\/strong>\n            <div><strong><a class='wpdm-download-link download-on-click btn btn-primary ' rel='nofollow' href='#' data-downloadurl=\"https:\/\/www.acaps.asso.fr\/en\/download\/pv-ca-visioconference-mai-2020\/?wpdmdl=12718&refresh=69f3c1a5753b11777582501\">Download<\/a><\/strong><\/div>\n        <\/div>\n    <\/div>\n<\/div>\n<div style=\"clear: both\"><\/div>\n<\/div><div class='col-lg-12 col-md-6 col-12'><!-- WPDM Link Template: Default Template with Download Count -->\n\n\n<div class=\"wpdm-link-tpl link-btn [color]\" data-durl=\"https:\/\/www.acaps.asso.fr\/en\/download\/pv-ca-31-paris\/?wpdmdl=9063&refresh=69f3c1a578e6c1777582501\" >\n    <div class=\"media\">\n        <div class=\"pull-left\"><img decoding=\"async\" class=\"wpdm_icon\" alt=\"Icon\" src=\"https:\/\/www.acaps.asso.fr\/wp-content\/plugins\/download-manager\/assets\/file-type-icons\/pdf.svg\" \/><\/div>\n        <div class=\"media-body\"><strong class=\"ptitle\">PV CA 31 Paris <span class=\"label label-default\" style=\"font-weight: 400;\">76 downloads<\/span>&nbsp;<span class=\"label label-default\" style=\"font-weight: 400;\">592.84 KB<\/span><\/strong>\n            <div><strong><a class='wpdm-download-link download-on-click btn btn-primary ' rel='nofollow' href='#' data-downloadurl=\"https:\/\/www.acaps.asso.fr\/en\/download\/pv-ca-31-paris\/?wpdmdl=9063&refresh=69f3c1a578e6c1777582501\">Download<\/a><\/strong><\/div>\n        <\/div>\n    <\/div>\n<\/div>\n<div style=\"clear: both\"><\/div>\n<\/div><div class='col-lg-12 col-md-6 col-12'><!-- WPDM Link Template: Default Template with Download Count -->\n\n\n<div class=\"wpdm-link-tpl link-btn [color]\" data-durl=\"https:\/\/www.acaps.asso.fr\/en\/download\/pv-ca-30-lyon\/?wpdmdl=6338&refresh=69f3c1a57a5301777582501\" >\n    <div class=\"media\">\n        <div class=\"pull-left\"><img decoding=\"async\" class=\"wpdm_icon\" alt=\"Icon\" src=\"https:\/\/www.acaps.asso.fr\/wp-content\/plugins\/download-manager\/assets\/file-type-icons\/pdf.svg\" \/><\/div>\n        <div class=\"media-body\"><strong class=\"ptitle\">PV CA 30 Lyon <span class=\"label label-default\" style=\"font-weight: 400;\">99 downloads<\/span>&nbsp;<span class=\"label label-default\" style=\"font-weight: 400;\">434.83 KB<\/span><\/strong>\n            <div><strong><a class='wpdm-download-link download-on-click btn btn-primary ' rel='nofollow' href='#' data-downloadurl=\"https:\/\/www.acaps.asso.fr\/en\/download\/pv-ca-30-lyon\/?wpdmdl=6338&refresh=69f3c1a57a5301777582501\">Download<\/a><\/strong><\/div>\n        <\/div>\n    <\/div>\n<\/div>\n<div style=\"clear: both\"><\/div>\n<\/div><div class='col-lg-12 col-md-6 col-12'><!-- WPDM Link Template: Default Template with Download Count -->\n\n\n<div class=\"wpdm-link-tpl link-btn [color]\" data-durl=\"https:\/\/www.acaps.asso.fr\/en\/download\/pv-ca-29-paris\/?wpdmdl=6337&refresh=69f3c1a57bb8d1777582501\" >\n    <div class=\"media\">\n        <div class=\"pull-left\"><img decoding=\"async\" class=\"wpdm_icon\" alt=\"Icon\" src=\"https:\/\/www.acaps.asso.fr\/wp-content\/plugins\/download-manager\/assets\/file-type-icons\/pdf.svg\" \/><\/div>\n        <div class=\"media-body\"><strong class=\"ptitle\">PV CA 29 Paris <span class=\"label label-default\" style=\"font-weight: 400;\">93 downloads<\/span>&nbsp;<span class=\"label label-default\" style=\"font-weight: 400;\">746.21 KB<\/span><\/strong>\n            <div><strong><a class='wpdm-download-link download-on-click btn btn-primary ' rel='nofollow' href='#' data-downloadurl=\"https:\/\/www.acaps.asso.fr\/en\/download\/pv-ca-29-paris\/?wpdmdl=6337&refresh=69f3c1a57bb8d1777582501\">Download<\/a><\/strong><\/div>\n        <\/div>\n    <\/div>\n<\/div>\n<div style=\"clear: both\"><\/div>\n<\/div><div class='col-lg-12 col-md-6 col-12'><!-- WPDM Link Template: Default Template with Download Count -->\n\n\n<div class=\"wpdm-link-tpl link-btn [color]\" data-durl=\"https:\/\/www.acaps.asso.fr\/en\/download\/pv-ca-28-paris\/?wpdmdl=4266&refresh=69f3c1a57d08e1777582501\" >\n    <div class=\"media\">\n        <div class=\"pull-left\"><img decoding=\"async\" class=\"wpdm_icon\" alt=\"Icon\" src=\"https:\/\/www.acaps.asso.fr\/wp-content\/plugins\/download-manager\/assets\/file-type-icons\/pdf.svg\" \/><\/div>\n        <div class=\"media-body\"><strong class=\"ptitle\">PV CA 28 Paris <span class=\"label label-default\" style=\"font-weight: 400;\">192 downloads<\/span>&nbsp;<span class=\"label label-default\" style=\"font-weight: 400;\">434.00 KB<\/span><\/strong>\n            <div><strong><a class='wpdm-download-link download-on-click btn btn-primary ' rel='nofollow' href='#' data-downloadurl=\"https:\/\/www.acaps.asso.fr\/en\/download\/pv-ca-28-paris\/?wpdmdl=4266&refresh=69f3c1a57d08e1777582501\">Download<\/a><\/strong><\/div>\n        <\/div>\n    <\/div>\n<\/div>\n<div style=\"clear: both\"><\/div>\n<\/div><\/div>            <div style='clear:both'><\/div><div class='text-center'><ul class='pagination wpdm-pagination pagination-centered text-center'><li><span aria-current=\"page\" class=\"page-numbers current\">1<\/span><\/li><li><a data-container='#content_wpdm_package_1' class=\"page-numbers\" href=\"https:\/\/www.acaps.asso.fr\/en\/wp-json\/wp\/v2\/pages\/3021\/?cp=2\">2<\/a><\/li><li><a data-container='#content_wpdm_package_1' class=\"page-numbers\" href=\"https:\/\/www.acaps.asso.fr\/en\/wp-json\/wp\/v2\/pages\/3021\/?cp=3\">3<\/a><\/li><li><a data-container='#content_wpdm_package_1' class=\"page-numbers\" href=\"https:\/\/www.acaps.asso.fr\/en\/wp-json\/wp\/v2\/pages\/3021\/?cp=4\">4<\/a><\/li><li><a data-container='#content_wpdm_package_1' class=\"next page-numbers\" href=\"https:\/\/www.acaps.asso.fr\/en\/wp-json\/wp\/v2\/pages\/3021\/?cp=2\"> <i style=\"display: inline-block;width: 8px;height: 8px;border-right: 2px solid;border-top: 2px solid;transform: rotate(45deg);margin-left: -2px;margin-top: -2px;\"><\/i> <\/a><\/li><\/ul><\/div><div style='clear:both'><\/div>        <\/div>\n\n        <div style='clear:both'><\/div>\n    <\/div>\n<\/div>\n\n","protected":false},"excerpt":{"rendered":"Order By: Publish Date Title Update Date Downloads Views Order: Descending Ascending Apply Filter PV CA 37 Dijon 61 downloads&nbsp;530.47 KB Download PV CA 36 Dijon 47 downloads&nbsp;344.49 KB Download PV CA 35 Montpellier 28 downloads&nbsp;263.94 KB Download PV CA 34 (visioconf\u00e9rence) 45 downloads&nbsp;167.70 KB Download PV CA 33 (visioconf\u00e9rence) 35 downloads&nbsp;240.22 KB Download PV CA 32 (visioconf\u00e9rence) 30 downloads&nbsp;512.50 KB Download PV CA 31 Paris 76 downloads&nbsp;592.84 KB Download PV CA 30 Lyon 99 downloads&nbsp;434.83 KB Download PV CA 29 Paris 93 downloads&nbsp;746.21 KB Download PV CA 28 Paris 192 downloads&nbsp;434.00 KB Download 1234","protected":false},"author":162,"featured_media":0,"parent":2967,"menu_order":0,"comment_status":"closed","ping_status":"closed","template":"","meta":{"footnotes":""},"class_list":["post-3021","page","type-page","status-publish","hentry"],"aioseo_notices":[],"_links":{"self":[{"href":"https:\/\/www.acaps.asso.fr\/en\/wp-json\/wp\/v2\/pages\/3021","targetHints":{"allow":["GET"]}}],"collection":[{"href":"https:\/\/www.acaps.asso.fr\/en\/wp-json\/wp\/v2\/pages"}],"about":[{"href":"https:\/\/www.acaps.asso.fr\/en\/wp-json\/wp\/v2\/types\/page"}],"author":[{"embeddable":true,"href":"https:\/\/www.acaps.asso.fr\/en\/wp-json\/wp\/v2\/users\/162"}],"replies":[{"embeddable":true,"href":"https:\/\/www.acaps.asso.fr\/en\/wp-json\/wp\/v2\/comments?post=3021"}],"version-history":[{"count":0,"href":"https:\/\/www.acaps.asso.fr\/en\/wp-json\/wp\/v2\/pages\/3021\/revisions"}],"up":[{"embeddable":true,"href":"https:\/\/www.acaps.asso.fr\/en\/wp-json\/wp\/v2\/pages\/2967"}],"wp:attachment":[{"href":"https:\/\/www.acaps.asso.fr\/en\/wp-json\/wp\/v2\/media?parent=3021"}],"curies":[{"name":"wp","href":"https:\/\/api.w.org\/{rel}","templated":true}]}}