{"id":2970,"date":"2017-03-07T18:09:08","date_gmt":"2017-03-07T17:09:08","guid":{"rendered":"https:\/\/www.acaps.asso.fr\/?page_id=2970"},"modified":"2022-08-16T14:49:19","modified_gmt":"2022-08-16T12:49:19","slug":"le-conseil-dadministration","status":"publish","type":"page","link":"https:\/\/www.acaps.asso.fr\/en\/acaps-history\/le-conseil-dadministration\/","title":{"rendered":"Executive board"},"content":{"rendered":"<div class=\"wpb-content-wrapper\">[vc_row][vc_column][vc_text_separator title=&#8221;Board Members&#8221; color=&#8221;custom&#8221; accent_color=&#8221;#e95e1b&#8221;][\/vc_column][\/vc_row][vc_row][vc_column width=&#8221;1\/3&#8243;][vc_single_image image=&#8221;14048&#8243; alignment=&#8221;center&#8221; onclick=&#8221;link_image&#8221; css_animation=&#8221;appear&#8221;][vc_column_text]\n<h4><a href=\"mailto:jeremie.gav@gmail.com\">Sandrine ISOARD-GAUTHEUR<\/a><\/h4>\n<p><strong>General secretary, Board member since 2019<br \/>\n<\/strong><\/p>\n<p><strong>Affiliation : <\/strong>Associate Professor &#8211; Universit\u00e9 Grenoble Alpes &#8211; Laboratoire Sport et ENvironnement Social (EA 3742)<\/p>\n<p><strong>Research domains:\u00a0<\/strong>Social psychology, Motivation, Well-being, Company, Competitive sports<\/p>\n<p><strong><a href=\"mailto:Sandrine.Isoard-Gautheur@univ-grenoble-alpes.fr\">Contact email<\/a><\/strong>[\/vc_column_text][\/vc_column][vc_column width=&#8221;1\/3&#8243;][vc_single_image image=&#8221;14040&#8243; alignment=&#8221;center&#8221; onclick=&#8221;link_image&#8221; css_animation=&#8221;appear&#8221;][vc_column_text]\n<h4><a title=\"A\u00efna CHALABAEV\" href=\"https:\/\/www.romualdlepers.com\/\" target=\"_blank\" rel=\"noopener\">Romuald LEPERS<\/a><\/h4>\n<p><strong>President, Board member since 2021<br \/>\n<\/strong><\/p>\n<p><strong>Affiliation : <\/strong>Full Professor &#8211; Universit\u00e9 de Bourgogne \u2013 UFR STAPS \u2013 Laboratoire UMR INSERM U1093 CAPS (Cognition, Action et Plasticit\u00e9 Sensorimotrice)<\/p>\n<p><strong>Research domains: <\/strong>Neuromuscular physiology<\/p>\n<p><strong><a href=\"mailto:Romuald.Lepers@u-bourgogne.fr\">Contact email<\/a><\/strong><\/p>\n[\/vc_column_text][\/vc_column][vc_column width=&#8221;1\/3&#8243;][vc_single_image image=&#8221;14028&#8243; alignment=&#8221;center&#8221; onclick=&#8221;link_image&#8221; css_animation=&#8221;appear&#8221;][vc_column_text]\n<h4><a title=\"Valerie BOUGAULT\" href=\"http:\/\/www.unice.fr\/ufrstaps\/lamhes\/MEMBRES\/FICHES_CHERCHEURS\/Fiche%20chercheur%202016%20Zory.pdf\" target=\"_blank\" rel=\"noopener noreferrer\">Raphael ZORY<\/a><\/h4>\n<p><strong>General Treasurer, Board member since 2017<br \/>\n<\/strong><\/p>\n<p><strong>Affiliation : <\/strong>Full Professor &#8211; Universit\u00e9 C\u00f4te d&#8217;Azur &#8211; Laboratoire Motricit\u00e9 Humaine Expertise Sport Sant\u00e9 (LAMHESS)<\/p>\n<p><strong>Research domains: <\/strong>Fatigue, neuromuscular plasticity, exercise, motor deficiency, neurological pathology<\/p>\n<p><strong><a href=\"mailto:raphael.zory@unice.fr\">Contact email<\/a><\/strong><\/p>\n[\/vc_column_text][\/vc_column][\/vc_row][vc_row][vc_column][vc_text_separator title=&#8221;Partnerships&#8221; color=&#8221;custom&#8221; accent_color=&#8221;#e95e1b&#8221;][vc_row_inner][vc_column_inner width=&#8221;1\/3&#8243;][vc_single_image image=&#8221;14044&#8243; alignment=&#8221;center&#8221; onclick=&#8221;link_image&#8221; css_animation=&#8221;appear&#8221;][vc_column_text]\n<h4><a title=\"Valerie BOUGAULT\" href=\"http:\/\/staps.univ-lille2.fr\/fr\/lemh\/membres-de-l-ea4488\/valerie-bougault.html\" target=\"_blank\" rel=\"noopener noreferrer\">Valerie BOUGAULT<\/a><\/h4>\n<p><strong>Board member since 2015<\/strong><\/p>\n<p><strong>Affiliation : <\/strong>Associate Professor &#8211; Universit\u00e9 C\u00f4te d&#8217;Azur &#8211; Laboratoire Motricit\u00e9 Humaine Expertise Sport Sant\u00e9 (LAMHESS)<\/p>\n<p><strong>Research domains:<\/strong> Physiology<\/p>\n<p><strong><a href=\"mailto:valerie.bougault@univ-cotedazur.fr\">Contact email<\/a><\/strong><\/p>\n[\/vc_column_text][\/vc_column_inner][vc_column_inner width=&#8221;1\/3&#8243;][vc_single_image image=&#8221;14046&#8243; alignment=&#8221;center&#8221; css_animation=&#8221;appear&#8221;][vc_column_text]\n<h4><a href=\"mailto:jeremie.gav@gmail.com\">J\u00e9r\u00e9mie GAVEAU<\/a><\/h4>\n<p><strong>Board member since 2021<\/strong><\/p>\n<p><strong>Affiliation : <\/strong>Associate Professor &#8211; Universit\u00e9 de Bourgogne &#8211; Laboratoire : INSERM U1093 Cognition, Action et Plasticit\u00e9 Sensorimotrice (CAPS)<\/p>\n<p><strong>Research domains:<\/strong> Biomechanics \/ Neurosciences, KIN, EMG, DYN&#8230; analysis, Planning and Learning, role of PSA in society<\/p>\n<p><strong><a href=\"mailto:jeremie.gav@gmail.com\">Contact email<\/a><\/strong>[\/vc_column_text][\/vc_column_inner][vc_column_inner width=&#8221;1\/3&#8243;][vc_single_image image=&#8221;14032&#8243; alignment=&#8221;center&#8221; css_animation=&#8221;appear&#8221;][vc_column_text]\n<h4><a href=\"https:\/\/www.researchgate.net\/profile\/Bosselut-Gregoire\">Gr\u00e9goire BOSSELUT<\/a><\/h4>\n<p><strong>Board member since 2021<\/strong><\/p>\n<p><strong>Affiliation : <\/strong>Associate Professor &#8211; Universit\u00e9 de Montpellier &#8211; Laboratoire EuroMov<\/p>\n<p><strong>Research domains: <\/strong>Social Psychology, Health Psychology<\/p>\n<p><strong><a href=\"mailto:gregoire.bosselut@umontpellier.fr\">Contact email<\/a><\/strong>[\/vc_column_text][\/vc_column_inner][\/vc_row_inner][vc_text_separator title=&#8221;Young scientists communication&#8221; color=&#8221;custom&#8221; accent_color=&#8221;#e95e1b&#8221;][vc_row_inner][vc_column_inner width=&#8221;1\/2&#8243;][vc_single_image image=&#8221;14036&#8243; alignment=&#8221;center&#8221; onclick=&#8221;link_image&#8221; css_animation=&#8221;appear&#8221;][vc_column_text]\n<h4><a href=\"mailto:clement.ginoux@univ-grenoble-alpes.fr\">Cl\u00e9ment GINOUX<\/a><\/h4>\n<p><strong>Coordinator of the Young Researchers Network,<br \/>\nBoard member since 2019<\/strong><\/p>\n<p><strong>Affiliation : <\/strong>Associate Professor &#8211; Universit\u00e9 Grenobles-Alpes \u2013 Laboratoire SENS (EA 3742).<\/p>\n<p><strong>Research domains:\u00a0<\/strong>Burnout, Occupational well-being, Recovery process, Physical activity for health purposes, Motivation for PSA, Explanatory mechanisms of PA effect<\/p>\n<p><strong><a href=\"mailto:clement.ginoux@univ-grenoble-alpes.fr\">Contact email<\/a><\/strong>[\/vc_column_text][\/vc_column_inner][vc_column_inner width=&#8221;1\/2&#8243;][vc_single_image image=&#8221;14050&#8243; alignment=&#8221;center&#8221; onclick=&#8221;link_image&#8221; css_animation=&#8221;appear&#8221;][vc_column_text]\n<h4><a href=\"mailto:vincent.martin@univ-bpclermont.fr\">Vincent MARTIN<\/a><\/h4>\n<p><strong>Coordinator of the Young Researchers Network,<br \/>\nBoard member since 2015<\/strong><\/p>\n<p><strong>Affiliation : <\/strong>Associate Professor -Laboratoire AME2P. Universit\u00e9 Blaise Pascal &#8211; Clermont-Ferrand 2, Campus des C\u00e9zeaux, 5 impasse Am\u00e9lie Murat, CS 60026 &#8211; TSA 60026, 63178 AUBIERE CEDEX.<\/p>\n<p><strong>Research domains:<\/strong> Neuromuscular Physiology<\/p>\n<p><strong><a href=\"mailto:vincent.martin@univ-bpclermont.fr\">Contact email<\/a><\/strong><\/p>\n[\/vc_column_text][\/vc_column_inner][\/vc_row_inner][vc_text_separator title=&#8221;Communication&#8221; color=&#8221;custom&#8221; accent_color=&#8221;#e95e1b&#8221;][vc_row_inner][vc_column_inner width=&#8221;1\/3&#8243;][vc_single_image image=&#8221;14042&#8243; alignment=&#8221;center&#8221; onclick=&#8221;link_image&#8221; css_animation=&#8221;appear&#8221;][vc_column_text]\n<h4><a title=\"Eric WATELAIN\" href=\"https:\/\/www.univ-jfc.fr\/lilian-fautrelle\" target=\"_blank\" rel=\"noopener noreferrer\">Lilian FAUTRELLE<\/a><\/h4>\n<p><strong>Communication, website and social networks<br \/>\nBoard member since 2021<br \/>\n<\/strong><\/p>\n<p><strong>Affiliation : <\/strong>Associate Professor &#8211; ToNIC, Toulouse NeuroImaging Center &#8211; Universit\u00e9 de Toulouse<\/p>\n<p><strong>Research domains: <\/strong>Neuroscience, motor control, brain, central nervous system, brain plasticity, motor flexibility, muscle synergies<\/p>\n<p><strong><a href=\"mailto:eric.watelain@univ-valenciennes.fr\">Contact email<\/a><\/strong><\/p>\n[\/vc_column_text][\/vc_column_inner][vc_column_inner width=&#8221;1\/3&#8243;][vc_single_image image=&#8221;14038&#8243; alignment=&#8221;center&#8221; onclick=&#8221;link_image&#8221; css_animation=&#8221;appear&#8221;][vc_column_text]\n<h4><a title=\"Sidney GROSPRETRE\" href=\"http:\/\/u-sports.univ-fcomte.fr\/pages\/fr\/personnel-enseignant---grospretre-s-18161.html\">Sidney GROSPR\u00caTRE<\/a><\/h4>\n<p><strong>Communication, website and social networks<br \/>\nBoard member since 2015<br \/>\n<\/strong><\/p>\n<p><strong>Affiliation : <\/strong>Associate Professor &#8211; Universit\u00e9 Franche-Comt\u00e9, Besan\u00e7on \u2013 Laboratoire: EA4660-C3S (Culture, Sport, Sant\u00e9, Soci\u00e9t\u00e9)<\/p>\n<p><strong>Research domains: <\/strong>Neurosciences, neurophysiology<\/p>\n<p><strong><a href=\"mailto:sidney.grospretre@univ-fcomte.fr\">Contact email<\/a><\/strong><\/p>\n[\/vc_column_text][\/vc_column_inner][vc_column_inner width=&#8221;1\/3&#8243;][vc_single_image image=&#8221;14030&#8243; alignment=&#8221;center&#8221; css_animation=&#8221;appear&#8221;][vc_column_text]\n<h4><a title=\"Sidney GROSPRETRE\" href=\"http:\/\/www.lisec-recherche.eu\/membre\/escriva-boulley-geraldine\">G\u00e9raldine ESCRIVA-BOULLEY<\/a><\/h4>\n<p><strong>Communication, website and networks<br \/>\nBoard member since 2021<br \/>\n<\/strong><\/p>\n<p><strong>Affiliation : <\/strong>Associate Professor &#8211; Universit\u00e9 de Haute Alsace \u2013 Laboratoire Interuniversitaire des Sciences de l&#8217;Education et de la Communication (LISEC) UR2310<\/p>\n<p><strong>Research domains:\u00a0<\/strong>Learning, teaching and education practices<\/p>\n<p><strong><a href=\"mailto:geraldine.escriva-boulley@uha.fr\">Contact email<\/a><\/strong><\/p>\n[\/vc_column_text][\/vc_column_inner][\/vc_row_inner][vc_text_separator title=&#8221;Relationships with other science organizations&#8221; color=&#8221;custom&#8221; accent_color=&#8221;#e95e1b&#8221;][vc_row_inner][vc_column_inner width=&#8221;1\/4&#8243;][vc_single_image image=&#8221;14034&#8243; alignment=&#8221;center&#8221; onclick=&#8221;link_image&#8221; css_animation=&#8221;appear&#8221;][\/vc_column_inner][vc_column_inner width=&#8221;3\/4&#8243;][vc_column_text]\n<h4><a href=\"mailto:nicolas.margas@unicaen.fr\">Nicolas MARGAS<\/a><\/h4>\n<p><strong>Board member since 2015<\/strong><\/p>\n<p><strong>Affiliation : <\/strong>Associate Professor &#8211; Institut des Sciences du Sports de l&#8217;Universit\u00e9 de Lausanne (ISSUL)\u2013 Suisse<\/p>\n<p><strong>Research domains:<\/strong> Social Psychology, Educational Psychology<\/p>\n<p><strong><a href=\"mailto:nicolas.margas@unicaen.fr\">Contact email<\/a><\/strong><\/p>\n[\/vc_column_text][\/vc_column_inner][\/vc_row_inner][vc_text_separator title=&#8221;International relationships&#8221; color=&#8221;custom&#8221; accent_color=&#8221;#e95e1b&#8221;][\/vc_column][\/vc_row][vc_row][vc_column width=&#8221;1\/4&#8243;][vc_single_image image=&#8221;14052&#8243; alignment=&#8221;center&#8221; onclick=&#8221;link_image&#8221; css_animation=&#8221;appear&#8221;][\/vc_column][vc_column width=&#8221;3\/4&#8243;][vc_column_text]\n<h4><a href=\"https:\/\/www.parisnanterre.fr\/m-tarak-driss--618473.kjsp\" target=\"_blank\" rel=\"noopener noreferrer\">Tarak DRISS<\/a><\/h4>\n<p><strong>Board member since 2019<\/strong><\/p>\n<p><strong>Affiliation : <\/strong>Associate Professor &#8211; Universit\u00e9 Paris Nanterre &#8211; Laboratoire CeRSM-EA 2913, LINP2 (EA) en janvier 2020<\/p>\n<p><strong>Research domains:<\/strong> Exercise physiology, Muscle strength and power, Chronobiology, Performance, Health, Central and peripheral nervous system, Multidisciplinary approaches<\/p>\n<p><strong><a href=\"mailto:tarak.driss@parisnanterre.fr\">Contact email<\/a><\/strong>[\/vc_column_text][\/vc_column][\/vc_row][vc_row][vc_column][vc_text_separator title=&#8221;Young Scientists network&#8221; color=&#8221;custom&#8221; accent_color=&#8221;#e95e1b&#8221;][\/vc_column][\/vc_row][vc_row][vc_column][vc_row_inner][vc_column_inner width=&#8221;1\/2&#8243;][vc_single_image image=&#8221;14062&#8243; alignment=&#8221;center&#8221; onclick=&#8221;link_image&#8221; css_animation=&#8221;appear&#8221;][vc_column_text]\n<h4><a href=\"https:\/\/laboratoire-sens.univ-grenoble-alpes.fr\/membre\/silvio-pierre-maltagliati\">Silvio MALTAGLIATI <\/a><\/h4>\n<p><strong>Coordinator of the Young Researchers Network,<br \/>\nBoard member since 2021<\/strong><\/p>\n<p><strong>Affiliation : <\/strong>Phd Student \u2013 Universit\u00e9 Grenobles-Alpes \u2013 Laboratoire SENS (EA 3742).<\/p>\n<p><strong>Research domains:<\/strong> Physical activity for health purposes, Motivation for Physical activity<\/p>\n<p><strong><a href=\"mailto:Silvio.Maltagliati@univ-grenoble-alpes.fr\">Contact email<\/a><\/strong>[\/vc_column_text][\/vc_column_inner][vc_column_inner width=&#8221;1\/2&#8243;][vc_single_image image=&#8221;14068&#8243; alignment=&#8221;center&#8221; onclick=&#8221;link_image&#8221; css_animation=&#8221;appear&#8221;][vc_column_text]\n<h4><a href=\"mailto:josephgandrieau@gmail.com\">Joseph GANDRIEAU<\/a><\/h4>\n<p><strong>Coordinator of the Young Researchers Network,<br \/>\nBoard member since 2019<\/strong><\/p>\n<p><strong>Affiliation : <\/strong>PhD student &#8211; Universit\u00e9 de Lille &#8211; Laboratoire URePSSS (EA 7369).<\/p>\n<p><strong>Research domains: <\/strong>Physical Literacy, Promotion of Physically Active Lifestyles<\/p>\n<p><strong><a href=\"mailto:josephgandrieau@gmail.com\">Contact email<\/a><\/strong>[\/vc_column_text][\/vc_column_inner][\/vc_row_inner][\/vc_column][\/vc_row]\n<\/div>","protected":false},"excerpt":{"rendered":"<p>[vc_row][vc_column][vc_text_separator title=&#8221;Board Members&#8221; color=&#8221;custom&#8221; accent_color=&#8221;#e95e1b&#8221;][\/vc_column][\/vc_row][vc_row][vc_column width=&#8221;1\/3&#8243;][vc_single_image image=&#8221;14048&#8243; alignment=&#8221;center&#8221; onclick=&#8221;link_image&#8221; css_animation=&#8221;appear&#8221;][vc_column_text] Sandrine ISOARD-GAUTHEUR General secretary, Board member since 2019 Affiliation : Associate Professor &#8211; Universit\u00e9 Grenoble Alpes &#8211; Laboratoire Sport et ENvironnement Social (EA 3742) Research domains:\u00a0Social psychology, Motivation, Well-being, Company, Competitive sports Contact email[\/vc_column_text][\/vc_column][vc_column width=&#8221;1\/3&#8243;][vc_single_image image=&#8221;14040&#8243; alignment=&#8221;center&#8221; onclick=&#8221;link_image&#8221; css_animation=&#8221;appear&#8221;][vc_column_text] Romuald LEPERS President, Board member since 2021 Affiliation : Full Professor &#8211; Universit\u00e9 de Bourgogne \u2013 UFR STAPS \u2013 Laboratoire UMR INSERM U1093 CAPS (Cognition, Action et Plasticit\u00e9 Sensorimotrice) Research domains: Neuromuscular physiology Contact email [\/vc_column_text][\/vc_column][vc_column width=&#8221;1\/3&#8243;][vc_single_image image=&#8221;14028&#8243; alignment=&#8221;center&#8221; onclick=&#8221;link_image&#8221; css_animation=&#8221;appear&#8221;][vc_column_text] Raphael ZORY General Treasurer, Board member since 2017 Affiliation :<\/p>\n","protected":false},"author":162,"featured_media":0,"parent":2967,"menu_order":0,"comment_status":"closed","ping_status":"closed","template":"","meta":{"footnotes":""},"class_list":["post-2970","page","type-page","status-publish","hentry"],"aioseo_notices":[],"_links":{"self":[{"href":"https:\/\/www.acaps.asso.fr\/en\/wp-json\/wp\/v2\/pages\/2970","targetHints":{"allow":["GET"]}}],"collection":[{"href":"https:\/\/www.acaps.asso.fr\/en\/wp-json\/wp\/v2\/pages"}],"about":[{"href":"https:\/\/www.acaps.asso.fr\/en\/wp-json\/wp\/v2\/types\/page"}],"author":[{"embeddable":true,"href":"https:\/\/www.acaps.asso.fr\/en\/wp-json\/wp\/v2\/users\/162"}],"replies":[{"embeddable":true,"href":"https:\/\/www.acaps.asso.fr\/en\/wp-json\/wp\/v2\/comments?post=2970"}],"version-history":[{"count":4,"href":"https:\/\/www.acaps.asso.fr\/en\/wp-json\/wp\/v2\/pages\/2970\/revisions"}],"predecessor-version":[{"id":17793,"href":"https:\/\/www.acaps.asso.fr\/en\/wp-json\/wp\/v2\/pages\/2970\/revisions\/17793"}],"up":[{"embeddable":true,"href":"https:\/\/www.acaps.asso.fr\/en\/wp-json\/wp\/v2\/pages\/2967"}],"wp:attachment":[{"href":"https:\/\/www.acaps.asso.fr\/en\/wp-json\/wp\/v2\/media?parent=2970"}],"curies":[{"name":"wp","href":"https:\/\/api.w.org\/{rel}","templated":true}]}}